{"id":13841,"date":"2020-05-27T08:02:19","date_gmt":"2020-05-27T06:02:19","guid":{"rendered":"https:\/\/www.escapades-ecopositives-landes-de-gascogne.fr\/accueil\/"},"modified":"2022-06-07T16:37:40","modified_gmt":"2022-06-07T14:37:40","slug":"accueil","status":"publish","type":"page","link":"https:\/\/www.escapades-ecopositives-landes-de-gascogne.fr\/en\/","title":{"rendered":"Home"},"content":{"rendered":"\r\n\r\n<section class=\"section-slider mt0 mb70\">\r\n    \r\n    <div class=\"container\">\r\n        \r\n        <div class=\"row\">\r\n            \r\n            <div class=\"col-xxl-7 col-lg-8 offset-lg-2\">\r\n                \r\n                <div class=\"swiper--ctn\" >\r\n                    \r\n                                        <div class=\"swiper swiper494\" data-swiper=\"swiper494\" data-json='{\"numberSlides\":1,\"dots\":true,\"arrows\":false,\"gutter\":0,\"rand\":494}' style=\"height:260px;\">\r\n\r\n                        <div class=\"swiper-wrapper\">\r\n\r\n                            \r\n                            <div class=\"swiper-slide\">\r\n\r\n                                                                <div class=\"swiper-slide--img imgcropCtn\">\r\n                                    \r\n                                    <img decoding=\"async\" src=\"https:\/\/www.escapades-ecopositives-landes-de-gascogne.fr\/wp-content\/uploads\/2022\/03\/Balade-en-velo-Le-Teich-1900x1266.jpg\" alt=\"Balade-en-v\u00e9lo le long du sentier du littoral\" title=\"Balade-en-v\u00e9lo le long du sentier du littoral\" class=\"imgcrop\"\/>\r\n                                <\/div>\r\n                                \r\n                            <\/div>\r\n\r\n                            \r\n                            <div class=\"swiper-slide\">\r\n\r\n                                                                <div class=\"swiper-slide--img imgcropCtn\">\r\n                                    \r\n                                    <img decoding=\"async\" src=\"https:\/\/www.escapades-ecopositives-landes-de-gascogne.fr\/wp-content\/uploads\/2022\/06\/Foret_de_pin_142_Nicolas_KULAK_PNRLG-1900x1267.jpg\" alt=\"foret de pin et sa callune (bruy\u00e8re locale) en fleur au milieu de la pin\u00e8de ensoleill\u00e9e\" title=\"Foret_de_pin_142_Nicolas_KULAK_PNRLG\" class=\"imgcrop\"\/>\r\n                                <\/div>\r\n                                \r\n                            <\/div>\r\n\r\n                            \r\n                            <div class=\"swiper-slide\">\r\n\r\n                                                                <div class=\"swiper-slide--img imgcropCtn\">\r\n                                    \r\n                                    <img decoding=\"async\" src=\"https:\/\/www.escapades-ecopositives-landes-de-gascogne.fr\/wp-content\/uploads\/2022\/05\/La-leyre-004.jpg\" alt=\"La leyre et sa for\u00eat galerie, un milieu aussi riche que fragile\" title=\"La leyre\" class=\"imgcrop\"\/>\r\n                                <\/div>\r\n                                \r\n                            <\/div>\r\n\r\n                            \r\n                        <\/div>\r\n\r\n                    <\/div>\r\n                                        \r\n                                        <div class=\"s-pagination s-pagination494\"><\/div>\r\n                                        \r\n                <\/div>\r\n                \r\n            <\/div>\r\n            \r\n        <\/div>\r\n        \r\n    <\/div>\r\n    \r\n<\/section>\r\n\r\n\n\n\n\n\n<section class=\"section-entete mt0 mb20\">\n    \n    <div class=\"container\">\n        \n        <div class=\"row\">\n            \n            <div class=\"col-lg-7 offset-lg-2 col-sm-10 coltitre\">\n                                    <p class=\"surtitre\">Breath the Landes de gascogne with our &#8220;Imaginaterres&#8221;<\/p>\n                                <h1>Your getaways closer, more responsible, more sustainable<\/h1>\n                \n            <\/div>\n\n                        \n        <\/div>\n        \n    <\/div>\n    \n<\/section>\n\n","protected":false},"excerpt":{"rendered":"<p>Page d&#8217;accueil des escapades \u00e9copositives de l&#8217;Ecodestination.<\/p>\n","protected":false},"author":2,"featured_media":9801,"parent":0,"menu_order":0,"comment_status":"closed","ping_status":"closed","template":"","meta":{"_acf_changed":false,"footnotes":""},"class_list":["post-13841","page","type-page","status-publish","has-post-thumbnail","hentry"],"acf":[],"_links":{"self":[{"href":"https:\/\/www.escapades-ecopositives-landes-de-gascogne.fr\/en\/wp-json\/wp\/v2\/pages\/13841","targetHints":{"allow":["GET"]}}],"collection":[{"href":"https:\/\/www.escapades-ecopositives-landes-de-gascogne.fr\/en\/wp-json\/wp\/v2\/pages"}],"about":[{"href":"https:\/\/www.escapades-ecopositives-landes-de-gascogne.fr\/en\/wp-json\/wp\/v2\/types\/page"}],"author":[{"embeddable":true,"href":"https:\/\/www.escapades-ecopositives-landes-de-gascogne.fr\/en\/wp-json\/wp\/v2\/users\/2"}],"replies":[{"embeddable":true,"href":"https:\/\/www.escapades-ecopositives-landes-de-gascogne.fr\/en\/wp-json\/wp\/v2\/comments?post=13841"}],"version-history":[{"count":3,"href":"https:\/\/www.escapades-ecopositives-landes-de-gascogne.fr\/en\/wp-json\/wp\/v2\/pages\/13841\/revisions"}],"predecessor-version":[{"id":13867,"href":"https:\/\/www.escapades-ecopositives-landes-de-gascogne.fr\/en\/wp-json\/wp\/v2\/pages\/13841\/revisions\/13867"}],"wp:featuredmedia":[{"embeddable":true,"href":"https:\/\/www.escapades-ecopositives-landes-de-gascogne.fr\/en\/wp-json\/wp\/v2\/media\/9801"}],"wp:attachment":[{"href":"https:\/\/www.escapades-ecopositives-landes-de-gascogne.fr\/en\/wp-json\/wp\/v2\/media?parent=13841"}],"curies":[{"name":"wp","href":"https:\/\/api.w.org\/{rel}","templated":true}]}}