{"id":13853,"date":"2022-03-21T14:35:35","date_gmt":"2022-03-21T13:35:35","guid":{"rendered":"https:\/\/www.escapades-ecopositives-landes-de-gascogne.fr\/les-imaginaterres\/"},"modified":"2022-06-07T16:06:45","modified_gmt":"2022-06-07T14:06:45","slug":"les-imaginaterres","status":"publish","type":"page","link":"https:\/\/www.escapades-ecopositives-landes-de-gascogne.fr\/en\/les-imaginaterres\/","title":{"rendered":"Les imaginaterres EN"},"content":{"rendered":"","protected":false},"excerpt":{"rendered":"<p>Le \u00ab Cercle des Imaginaterres \u00bb rassemble aujourd\u2019hui une cinquantaine de prestataires (h\u00e9bergeurs, prestataires d\u2019activit\u00e9s touristiques, artisans, producteurs\u2026), f\u00e9d\u00e9r\u00e9s par le Parc et les Offices de Tourisme du territoire, sensibles aux enjeux de d\u00e9veloppement durable et engag\u00e9s dans un tourisme plus responsable.<\/p>\n","protected":false},"author":2,"featured_media":10678,"parent":0,"menu_order":2,"comment_status":"closed","ping_status":"closed","template":"","meta":{"_acf_changed":false,"footnotes":""},"class_list":["post-13853","page","type-page","status-publish","has-post-thumbnail","hentry"],"acf":[],"_links":{"self":[{"href":"https:\/\/www.escapades-ecopositives-landes-de-gascogne.fr\/en\/wp-json\/wp\/v2\/pages\/13853","targetHints":{"allow":["GET"]}}],"collection":[{"href":"https:\/\/www.escapades-ecopositives-landes-de-gascogne.fr\/en\/wp-json\/wp\/v2\/pages"}],"about":[{"href":"https:\/\/www.escapades-ecopositives-landes-de-gascogne.fr\/en\/wp-json\/wp\/v2\/types\/page"}],"author":[{"embeddable":true,"href":"https:\/\/www.escapades-ecopositives-landes-de-gascogne.fr\/en\/wp-json\/wp\/v2\/users\/2"}],"replies":[{"embeddable":true,"href":"https:\/\/www.escapades-ecopositives-landes-de-gascogne.fr\/en\/wp-json\/wp\/v2\/comments?post=13853"}],"version-history":[{"count":2,"href":"https:\/\/www.escapades-ecopositives-landes-de-gascogne.fr\/en\/wp-json\/wp\/v2\/pages\/13853\/revisions"}],"predecessor-version":[{"id":13855,"href":"https:\/\/www.escapades-ecopositives-landes-de-gascogne.fr\/en\/wp-json\/wp\/v2\/pages\/13853\/revisions\/13855"}],"wp:featuredmedia":[{"embeddable":true,"href":"https:\/\/www.escapades-ecopositives-landes-de-gascogne.fr\/en\/wp-json\/wp\/v2\/media\/10678"}],"wp:attachment":[{"href":"https:\/\/www.escapades-ecopositives-landes-de-gascogne.fr\/en\/wp-json\/wp\/v2\/media?parent=13853"}],"curies":[{"name":"wp","href":"https:\/\/api.w.org\/{rel}","templated":true}]}}